{"id":2287,"date":"2022-06-14T18:40:05","date_gmt":"2022-06-14T16:40:05","guid":{"rendered":"https:\/\/www.aberactives.com\/home\/"},"modified":"2026-04-04T10:07:23","modified_gmt":"2026-04-04T08:07:23","slug":"home","status":"publish","type":"page","link":"https:\/\/www.aberactives.com\/en\/","title":{"rendered":"Home"},"content":{"rendered":"<div class=\"wpb-content-wrapper\"><p>[vc_section full_width=&#8221;stretch_row&#8221; css=&#8221;.vc_custom_1668515901414{margin-top: -135px !important;padding-top: 135px !important;padding-bottom: 135px !important;background-color: #ffffff !important;}&#8221;][vc_row content_placement=&#8221;middle&#8221; css=&#8221;.vc_custom_1670080170042{margin-bottom: -60px !important;}&#8221;][vc_column][vc_column_text css=&#8221;&#8221;]<\/p>\n<h4>AberActives est une entreprise de biotechnologie marine<\/h4>\n<p style=\"text-align: justify\">Notre laboratoire est situ\u00e9 sur le site du Laber dans les locaux de la <strong>station marine de Roscoff<\/strong>, p\u00f4le d&#8217;excellence mondiale dans la recherche fondamentale sur les algues.<\/p>\n<p style=\"text-align: justify\">La start-up propose l\u2019utilisation d\u2019enzymes bact\u00e9riennes pour transformer les sucres algaux dans la perspective de <strong>fabriquer des ingr\u00e9dients en cosm\u00e9tique et\/ou en nutrition sant\u00e9<\/strong>.<\/p>\n<p>[\/vc_column_text][\/vc_column][\/vc_row][\/vc_section][vc_row full_width=&#8221;stretch_row&#8221; custom_css_code=&#8221;JTQwbWVkaWElMjhtYXgtd2lkdGglM0ExMTk5cHglMjklN0IlMEElMjAlMjAlMjAlMjAucm93JTIwJTNFJTIwJTJBJTIwJTdCJTBBJTIwJTIwJTIwJTIwJTIwJTIwJTIwJTIwbWFyZ2luLXRvcCUzQSUyMDAlM0IlMEElMjAlMjAlMjAlMjAlN0QlMEElN0QlMEEudGl0bGUlMjAudGl0bGUtaDYlMjAlN0IlMEElMjAlMjAlMjAlMjBmb250LXNpemUlM0ExOXB4JTNCJTBBJTIwJTIwJTIwJTIwbGluZS1oZWlnaHQlM0EzMHB4JTNCJTBBJTIwJTIwJTIwJTIwdGV4dC10cmFuc2Zvcm0lM0ElMjBub25lJTNCJTBBJTdE&#8221; css=&#8221;.vc_custom_1668109747530{margin-bottom: 0px !important;background-color: #ffffff !important;}&#8221;][vc_column]<div class=\"clearboth\"><\/div><style>#thegem-divider-69d2073c83f7d {margin-top: 20px !important;}<\/style><div id=\"thegem-divider-69d2073c83f7d\" class=\"gem-divider  \" style=\"\" ><\/div><div class=\"thegem-te-heading thegem-custom-69d2073c8408a2904\" ><h2 id=\"thegem-heading-69d2073c8405d\" class=\"thegem-heading thegem-custom-heading-69d2073c84058516 title-h1\" style=\"text-align: center;\" ><span class=\"colored\" style=\"color: #16b1a6;\">Notre r\u00e9seau<\/span><\/h2><style type=\"text\/css\">#thegem-heading-69d2073c8405d {margin: 0;}#thegem-heading-69d2073c8405d {margin-left: auto; margin-right: auto;}#thegem-heading-69d2073c8405d > * {justify-content: center;}#thegem-heading-69d2073c8405d a:hover, #thegem-heading-69d2073c8405d a:hover span.colored {color: var(--thegem-to-menu-level1-color-hover, #00BCD4) !important;}<\/style><\/div><style>@media screen and (max-width: 1023px) {.thegem-heading.thegem-custom-heading-69d2073c84058516{display: block!important;}}@media screen and (max-width: 767px) {.thegem-heading.thegem-custom-heading-69d2073c84058516{display: block!important;}}@media screen and (max-width: 1023px) {.thegem-heading.thegem-custom-heading-69d2073c84058516{position: relative !important;}}@media screen and (max-width: 767px) {.thegem-heading.thegem-custom-heading-69d2073c84058516{position: relative !important;}}<\/style><div class=\"clearboth\"><\/div><style>#thegem-divider-69d2073c840d9 {margin-top: 40px !important;}<\/style><div id=\"thegem-divider-69d2073c840d9\" class=\"gem-divider  \" style=\"\" ><\/div><div class=\"preloader\"><div class=\"preloader-spin\"><\/div><\/div><div class=\"gem-clients gem-clients-type-carousel-grid disable-grayscale lazy-loading\" data-ll-item-delay=\"15\" data-autoscroll=\"0\"><div class=\"gem-clients-slide\"><div class=\"gem-clients-slide-inner clearfix\"> <div id=\"post-1943\" class=\"gem-client-item lazy-loading-item post-1943 thegem_client type-thegem_client status-publish has-post-thumbnail\" style=\"width: 20%;\" data-ll-effect=\"drop-bottom\"> <a href=\"https:\/\/www.sb-roscoff.fr\/\" target=\"_blank\" class=\"gscale\"> <img width=\"350\" height=\"350\" src=\"https:\/\/www.aberactives.com\/wp-content\/uploads\/2022\/12\/Station-Biologique-Roscoff-logo.jpg\" class=\"img-responsive wp-post-image\" alt=\"Station Biologique de Roscoff\" \/> <\/a> <\/div> <div id=\"post-1949\" class=\"gem-client-item lazy-loading-item post-1949 thegem_client type-thegem_client status-publish has-post-thumbnail\" style=\"width: 20%;\" data-ll-effect=\"drop-bottom\"> <a href=\"https:\/\/www.campusmer.fr\/blue-valley-4543-0-0-0.html\" target=\"_blank\" class=\"gscale\"> <img width=\"350\" height=\"350\" src=\"https:\/\/www.aberactives.com\/wp-content\/uploads\/2022\/12\/Blue-Valley-Morlaix.jpg\" class=\"img-responsive wp-post-image\" alt=\"Blue Valley Morlaix\" \/> <\/a> <\/div> <div id=\"post-1953\" class=\"gem-client-item lazy-loading-item post-1953 thegem_client type-thegem_client status-publish has-post-thumbnail\" style=\"width: 20%;\" data-ll-effect=\"drop-bottom\"> <a href=\"https:\/\/www.bpifrance.fr\/\" target=\"_blank\" class=\"gscale\"> <img width=\"350\" height=\"350\" src=\"https:\/\/www.aberactives.com\/wp-content\/uploads\/2022\/12\/bpi.jpg\" class=\"img-responsive wp-post-image\" alt=\"bpifrance\" \/> <\/a> <\/div> <div id=\"post-1955\" class=\"gem-client-item lazy-loading-item post-1955 thegem_client type-thegem_client status-publish has-post-thumbnail\" style=\"width: 20%;\" data-ll-effect=\"drop-bottom\"> <a href=\"https:\/\/www.bretagne.bzh\/\" target=\"_blank\" class=\"gscale\"> <img width=\"350\" height=\"350\" src=\"https:\/\/www.aberactives.com\/wp-content\/uploads\/2022\/12\/Region-Bretagne.webp\" class=\"img-responsive wp-post-image\" alt=\"R\u00e9gion Bretagne\" \/> <\/a> <\/div> <div id=\"post-1959\" class=\"gem-client-item lazy-loading-item post-1959 thegem_client type-thegem_client status-publish has-post-thumbnail\" style=\"width: 20%;\" data-ll-effect=\"drop-bottom\"> <a href=\"https:\/\/pole-mer-bretagne-atlantique.com\/fr\/\" target=\"_blank\" class=\"gscale\"> <img width=\"350\" height=\"350\" src=\"https:\/\/www.aberactives.com\/wp-content\/uploads\/2022\/12\/Pole-mer-Bretagne-Atlantique.jpg\" class=\"img-responsive wp-post-image\" alt=\"P\u00f4le mer Bretagne Atlantique\" \/> <\/a> <\/div> <div id=\"post-1962\" class=\"gem-client-item lazy-loading-item post-1962 thegem_client type-thegem_client status-publish has-post-thumbnail\" style=\"width: 20%;\" data-ll-effect=\"drop-bottom\"> <a href=\"https:\/\/www.ouest-valorisation.fr\/\" target=\"_blank\" class=\"gscale\"> <img width=\"350\" height=\"350\" src=\"https:\/\/www.aberactives.com\/wp-content\/uploads\/2022\/12\/SATT-Ouest-Valorisation.jpg\" class=\"img-responsive wp-post-image\" alt=\"SATT Ouest Valorisation\" \/> <\/a> <\/div> <div id=\"post-2009\" class=\"gem-client-item lazy-loading-item post-2009 thegem_client type-thegem_client status-publish has-post-thumbnail\" style=\"width: 20%;\" data-ll-effect=\"drop-bottom\"> <a href=\"https:\/\/www.tech-brest-iroise.fr\/\" target=\"_blank\" class=\"gscale\"> <img width=\"350\" height=\"350\" src=\"https:\/\/www.aberactives.com\/wp-content\/uploads\/2022\/12\/TBI.jpg\" class=\"img-responsive wp-post-image\" alt=\"TBI\" \/> <\/a> <\/div> <div id=\"post-2123\" class=\"gem-client-item lazy-loading-item post-2123 thegem_client type-thegem_client status-publish has-post-thumbnail\" style=\"width: 20%;\" data-ll-effect=\"drop-bottom\"> <a href=\"https:\/\/www.biotech-sante-bretagne.fr\/\" target=\"_blank\" class=\"gscale\"> <img width=\"350\" height=\"350\" src=\"https:\/\/www.aberactives.com\/wp-content\/uploads\/2022\/12\/Biotech-Sante-Bretagne.jpg\" class=\"img-responsive wp-post-image\" alt=\"Biotech &amp; Sant\u00e9 Bretagne\" \/> <\/a> <\/div> <div id=\"post-3176\" class=\"gem-client-item lazy-loading-item post-3176 thegem_client type-thegem_client status-publish has-post-thumbnail\" style=\"width: 20%;\" data-ll-effect=\"drop-bottom\"> <a href=\"https:\/\/levillagebycafinistere.com\/\" target=\"_blank\" class=\"gscale\"> <img width=\"400\" height=\"400\" src=\"https:\/\/www.aberactives.com\/wp-content\/uploads\/2025\/01\/304795790_768075011195719_6819369673758487565_n-thegem-person.webp\" class=\"img-responsive not-transparent wp-post-image\" alt=\"Le Village by CA\" data-has-transparency=\"false\" data-dominant-color=\"e9e9e9\" style=\"--dominant-color: #e9e9e9;\" \/> <\/a> <\/div> <div id=\"post-3460\" class=\"gem-client-item lazy-loading-item post-3460 thegem_client type-thegem_client status-publish has-post-thumbnail\" style=\"width: 20%;\" data-ll-effect=\"drop-bottom\"> <a href=\"https:\/\/www.cosmetic-valley.com\/\" target=\"_blank\" class=\"gscale\"> <img width=\"350\" height=\"350\" src=\"https:\/\/www.aberactives.com\/wp-content\/uploads\/2025\/05\/Cosmetic-Valley.webp\" class=\"img-responsive not-transparent wp-post-image\" alt=\"Cosmetic Valley\" data-has-transparency=\"false\" data-dominant-color=\"e3e4ed\" style=\"--dominant-color: #e3e4ed;\" \/> <\/a> <\/div><\/div><\/div><\/div>[\/vc_column][\/vc_row]<\/p>\n<\/div>","protected":false},"excerpt":{"rendered":"<p>[vc_section full_width=&#8221;stretch_row&#8221; css=&#8221;.vc_custom_1668515901414{margin-top: -135px !important;padding-top: 135px !important;padding-bottom: 135px !important;background-color: #ffffff !important;}&#8221;][vc_row content_placement=&#8221;middle&#8221; css=&#8221;.vc_custom_1670080170042{margin-bottom: -60px !important;}&#8221;][vc_column][vc_column_text css=&#8221;&#8221;] AberActives est une entreprise&#8230;<\/p>\n","protected":false},"author":1,"featured_media":0,"parent":0,"menu_order":0,"comment_status":"closed","ping_status":"closed","template":"","meta":{"footnotes":""},"class_list":["post-2287","page","type-page","status-publish"],"_links":{"self":[{"href":"https:\/\/www.aberactives.com\/en\/wp-json\/wp\/v2\/pages\/2287","targetHints":{"allow":["GET"]}}],"collection":[{"href":"https:\/\/www.aberactives.com\/en\/wp-json\/wp\/v2\/pages"}],"about":[{"href":"https:\/\/www.aberactives.com\/en\/wp-json\/wp\/v2\/types\/page"}],"author":[{"embeddable":true,"href":"https:\/\/www.aberactives.com\/en\/wp-json\/wp\/v2\/users\/1"}],"replies":[{"embeddable":true,"href":"https:\/\/www.aberactives.com\/en\/wp-json\/wp\/v2\/comments?post=2287"}],"version-history":[{"count":32,"href":"https:\/\/www.aberactives.com\/en\/wp-json\/wp\/v2\/pages\/2287\/revisions"}],"predecessor-version":[{"id":3522,"href":"https:\/\/www.aberactives.com\/en\/wp-json\/wp\/v2\/pages\/2287\/revisions\/3522"}],"wp:attachment":[{"href":"https:\/\/www.aberactives.com\/en\/wp-json\/wp\/v2\/media?parent=2287"}],"curies":[{"name":"wp","href":"https:\/\/api.w.org\/{rel}","templated":true}]}}