{"id":2394,"date":"2022-12-01T13:54:16","date_gmt":"2022-12-01T12:54:16","guid":{"rendered":"https:\/\/www.aberactives.com\/our-processes\/"},"modified":"2026-04-22T14:53:21","modified_gmt":"2026-04-22T12:53:21","slug":"our-processes","status":"publish","type":"page","link":"https:\/\/www.aberactives.com\/en\/our-processes\/","title":{"rendered":"Our processes"},"content":{"rendered":"<div class=\"wpb-content-wrapper\"><p>[vc_row content_placement=&#8221;middle&#8221;][vc_column offset=&#8221;vc_col-lg-6 vc_col-md-6&#8243; css=&#8221;.vc_custom_1590571662912{margin-right: 15px !important;}&#8221;][vc_column_text css=&#8221;.vc_custom_1675777221617{margin-top: -8px !important;}&#8221;]<\/p>\n<h4>Our processes<\/h4>\n<p>[\/vc_column_text][vc_column_text]<\/p>\n<p style=\"text-align: justify\"><strong>AberActives was created in December 2021<\/strong>. It is only at the beginning of its R&amp;D phase. The company is developing its processes <strong>in accordance with its values and principles<\/strong> on obtaining natural ingredients from an <strong>environmentally responsible process<\/strong>. In order to promptlyrespond to demand, our team does everything possible to satisfy the needs of its customers as quickly as possible.<\/p>\n<p>[\/vc_column_text][\/vc_column][vc_column offset=&#8221;vc_col-lg-6 vc_col-md-6&#8243; css=&#8221;.vc_custom_1590571667512{margin-left: 15px !important;}&#8221;]<div class=\"gem-image gem-wrapbox gem-wrapbox-style-default gem-wrapbox-position-below  thegem-custom-69ea97601ca5f2360\"  style=\"\" ><div class=\"gem-wrapbox-inner \" ><img class=\"gem-wrapbox-element img-responsive\" src=\"https:\/\/www.aberactives.com\/wp-content\/uploads\/2023\/04\/Produits-AberActives.jpg\" alt=\"C\u00f4te d\u00e9coup\u00e9e\"\/><\/div><style type=\"text\/css\">.thegem-custom-69ea97601ca5f2360.gem-image a:hover img {filter: brightness( 100% ) contrast( 100% ) saturate( 100% ) blur( 0px ) hue-rotate( 0deg );}<\/style><\/div>[\/vc_column][\/vc_row]<\/p>\n<\/div>","protected":false},"excerpt":{"rendered":"<p>[vc_row content_placement=&#8221;middle&#8221;][vc_column offset=&#8221;vc_col-lg-6 vc_col-md-6&#8243; css=&#8221;.vc_custom_1590571662912{margin-right: 15px !important;}&#8221;][vc_column_text css=&#8221;.vc_custom_1675777221617{margin-top: -8px !important;}&#8221;] Our processes [\/vc_column_text][vc_column_text] AberActives was created in December 2021. It&#8230;<\/p>\n","protected":false},"author":1,"featured_media":0,"parent":0,"menu_order":0,"comment_status":"closed","ping_status":"closed","template":"","meta":{"footnotes":""},"class_list":["post-2394","page","type-page","status-publish"],"_links":{"self":[{"href":"https:\/\/www.aberactives.com\/en\/wp-json\/wp\/v2\/pages\/2394","targetHints":{"allow":["GET"]}}],"collection":[{"href":"https:\/\/www.aberactives.com\/en\/wp-json\/wp\/v2\/pages"}],"about":[{"href":"https:\/\/www.aberactives.com\/en\/wp-json\/wp\/v2\/types\/page"}],"author":[{"embeddable":true,"href":"https:\/\/www.aberactives.com\/en\/wp-json\/wp\/v2\/users\/1"}],"replies":[{"embeddable":true,"href":"https:\/\/www.aberactives.com\/en\/wp-json\/wp\/v2\/comments?post=2394"}],"version-history":[{"count":93,"href":"https:\/\/www.aberactives.com\/en\/wp-json\/wp\/v2\/pages\/2394\/revisions"}],"predecessor-version":[{"id":4616,"href":"https:\/\/www.aberactives.com\/en\/wp-json\/wp\/v2\/pages\/2394\/revisions\/4616"}],"wp:attachment":[{"href":"https:\/\/www.aberactives.com\/en\/wp-json\/wp\/v2\/media?parent=2394"}],"curies":[{"name":"wp","href":"https:\/\/api.w.org\/{rel}","templated":true}]}}